{"id":32,"date":"2021-10-27T11:02:54","date_gmt":"2021-10-27T11:02:54","guid":{"rendered":"http:\/\/www.alytechnology.com\/?page_id=32"},"modified":"2024-01-05T10:26:37","modified_gmt":"2024-01-05T10:26:37","slug":"akilli-ev-interra-bina-otomasyonu","status":"publish","type":"page","link":"http:\/\/www.alytechnology.com\/","title":{"rendered":"Anasayfa"},"content":{"rendered":"<div data-colibri-id=\"32-c1\" class=\"style-190 style-local-32-c1 position-relative\">\n  <!---->\n<\/div>","protected":false},"excerpt":{"rendered":"","protected":false},"author":1,"featured_media":0,"parent":0,"menu_order":1,"comment_status":"closed","ping_status":"closed","template":"page-templates\/homepage.php","meta":{"_monsterinsights_skip_tracking":false,"_monsterinsights_sitenote_active":false,"_monsterinsights_sitenote_note":"","_monsterinsights_sitenote_category":0,"footnotes":""},"aioseo_notices":[],"yoast_head":"<!-- This site is optimized with the Yoast SEO plugin v21.7 - https:\/\/yoast.com\/wordpress\/plugins\/seo\/ -->\n<title>Anasayfa -<\/title>\n<meta name=\"description\" content=\"G\u00fcvenilir bir dan\u0131\u015fman ve i\u015f orta\u011f\u0131n\u0131z olan ALY Bina Teknolojileri B\u00f6l\u00fcm\u00fc, sistem entegrat\u00f6r\u00fc, servis ve \u00fcr\u00fcn sa\u011flay\u0131c\u0131 olarak sizlere, enerji verimlili\u011fi y\u00fcksek, g\u00fcvenilir - g\u00fcvenlikli bina ve altyap\u0131 hizmetleri sunmakta.\" \/>\n<meta name=\"robots\" content=\"index, follow, max-snippet:-1, max-image-preview:large, max-video-preview:-1\" \/>\n<link rel=\"canonical\" href=\"http:\/\/www.alytechnology.com\/\" \/>\n<meta property=\"og:locale\" content=\"tr_TR\" \/>\n<meta property=\"og:type\" content=\"article\" \/>\n<meta property=\"og:title\" content=\"Anasayfa -\" \/>\n<meta property=\"og:description\" content=\"G\u00fcvenilir bir dan\u0131\u015fman ve i\u015f orta\u011f\u0131n\u0131z olan ALY Bina Teknolojileri B\u00f6l\u00fcm\u00fc, sistem entegrat\u00f6r\u00fc, servis ve \u00fcr\u00fcn sa\u011flay\u0131c\u0131 olarak sizlere, enerji verimlili\u011fi y\u00fcksek, g\u00fcvenilir - g\u00fcvenlikli bina ve altyap\u0131 hizmetleri sunmakta.\" \/>\n<meta property=\"og:url\" content=\"http:\/\/www.alytechnology.com\/\" \/>\n<meta property=\"og:site_name\" content=\"ALY TECHNOLOGY\" \/>\n<meta property=\"article:modified_time\" content=\"2024-01-05T10:26:37+00:00\" \/>\n<meta name=\"twitter:card\" content=\"summary_large_image\" \/>\n<script type=\"application\/ld+json\" class=\"yoast-schema-graph\">{\"@context\":\"https:\/\/schema.org\",\"@graph\":[{\"@type\":\"WebPage\",\"@id\":\"http:\/\/www.alytechnology.com\/\",\"url\":\"http:\/\/www.alytechnology.com\/\",\"name\":\"Anasayfa -\",\"isPartOf\":{\"@id\":\"http:\/\/www.alytechnology.com\/#website\"},\"datePublished\":\"2021-10-27T11:02:54+00:00\",\"dateModified\":\"2024-01-05T10:26:37+00:00\",\"description\":\"G\u00fcvenilir bir dan\u0131\u015fman ve i\u015f orta\u011f\u0131n\u0131z olan ALY Bina Teknolojileri B\u00f6l\u00fcm\u00fc, sistem entegrat\u00f6r\u00fc, servis ve \u00fcr\u00fcn sa\u011flay\u0131c\u0131 olarak sizlere, enerji verimlili\u011fi y\u00fcksek, g\u00fcvenilir - g\u00fcvenlikli bina ve altyap\u0131 hizmetleri sunmakta.\",\"breadcrumb\":{\"@id\":\"http:\/\/www.alytechnology.com\/#breadcrumb\"},\"inLanguage\":\"tr\",\"potentialAction\":[{\"@type\":\"ReadAction\",\"target\":[\"http:\/\/www.alytechnology.com\/\"]}]},{\"@type\":\"BreadcrumbList\",\"@id\":\"http:\/\/www.alytechnology.com\/#breadcrumb\",\"itemListElement\":[{\"@type\":\"ListItem\",\"position\":1,\"name\":\"Ak\u0131ll\u0131 Ev\",\"item\":\"http:\/\/www.alytechnology.com\/\"},{\"@type\":\"ListItem\",\"position\":2,\"name\":\"Anasayfa\"}]},{\"@type\":\"WebSite\",\"@id\":\"http:\/\/www.alytechnology.com\/#website\",\"url\":\"http:\/\/www.alytechnology.com\/\",\"name\":\"ALY TECHNOLOGY\",\"description\":\"Bina Otomasyon Sistemleri\",\"publisher\":{\"@id\":\"http:\/\/www.alytechnology.com\/#organization\"},\"potentialAction\":[{\"@type\":\"SearchAction\",\"target\":{\"@type\":\"EntryPoint\",\"urlTemplate\":\"http:\/\/www.alytechnology.com\/?s={search_term_string}\"},\"query-input\":\"required name=search_term_string\"}],\"inLanguage\":\"tr\"},{\"@type\":\"Organization\",\"@id\":\"http:\/\/www.alytechnology.com\/#organization\",\"name\":\"ALY TECHNOLOGY\",\"url\":\"http:\/\/www.alytechnology.com\/\",\"logo\":{\"@type\":\"ImageObject\",\"inLanguage\":\"tr\",\"@id\":\"http:\/\/www.alytechnology.com\/#\/schema\/logo\/image\/\",\"url\":\"http:\/\/www.alytechnology.com\/wp-content\/uploads\/2022\/04\/Untitled-1-01.png\",\"contentUrl\":\"http:\/\/www.alytechnology.com\/wp-content\/uploads\/2022\/04\/Untitled-1-01.png\",\"width\":2218,\"height\":268,\"caption\":\"ALY TECHNOLOGY\"},\"image\":{\"@id\":\"http:\/\/www.alytechnology.com\/#\/schema\/logo\/image\/\"}}]}<\/script>\n<!-- \/ Yoast SEO plugin. -->","yoast_head_json":{"title":"Anasayfa -","description":"G\u00fcvenilir bir dan\u0131\u015fman ve i\u015f orta\u011f\u0131n\u0131z olan ALY Bina Teknolojileri B\u00f6l\u00fcm\u00fc, sistem entegrat\u00f6r\u00fc, servis ve \u00fcr\u00fcn sa\u011flay\u0131c\u0131 olarak sizlere, enerji verimlili\u011fi y\u00fcksek, g\u00fcvenilir - g\u00fcvenlikli bina ve altyap\u0131 hizmetleri sunmakta.","robots":{"index":"index","follow":"follow","max-snippet":"max-snippet:-1","max-image-preview":"max-image-preview:large","max-video-preview":"max-video-preview:-1"},"canonical":"http:\/\/www.alytechnology.com\/","og_locale":"tr_TR","og_type":"article","og_title":"Anasayfa -","og_description":"G\u00fcvenilir bir dan\u0131\u015fman ve i\u015f orta\u011f\u0131n\u0131z olan ALY Bina Teknolojileri B\u00f6l\u00fcm\u00fc, sistem entegrat\u00f6r\u00fc, servis ve \u00fcr\u00fcn sa\u011flay\u0131c\u0131 olarak sizlere, enerji verimlili\u011fi y\u00fcksek, g\u00fcvenilir - g\u00fcvenlikli bina ve altyap\u0131 hizmetleri sunmakta.","og_url":"http:\/\/www.alytechnology.com\/","og_site_name":"ALY TECHNOLOGY","article_modified_time":"2024-01-05T10:26:37+00:00","twitter_card":"summary_large_image","schema":{"@context":"https:\/\/schema.org","@graph":[{"@type":"WebPage","@id":"http:\/\/www.alytechnology.com\/","url":"http:\/\/www.alytechnology.com\/","name":"Anasayfa -","isPartOf":{"@id":"http:\/\/www.alytechnology.com\/#website"},"datePublished":"2021-10-27T11:02:54+00:00","dateModified":"2024-01-05T10:26:37+00:00","description":"G\u00fcvenilir bir dan\u0131\u015fman ve i\u015f orta\u011f\u0131n\u0131z olan ALY Bina Teknolojileri B\u00f6l\u00fcm\u00fc, sistem entegrat\u00f6r\u00fc, servis ve \u00fcr\u00fcn sa\u011flay\u0131c\u0131 olarak sizlere, enerji verimlili\u011fi y\u00fcksek, g\u00fcvenilir - g\u00fcvenlikli bina ve altyap\u0131 hizmetleri sunmakta.","breadcrumb":{"@id":"http:\/\/www.alytechnology.com\/#breadcrumb"},"inLanguage":"tr","potentialAction":[{"@type":"ReadAction","target":["http:\/\/www.alytechnology.com\/"]}]},{"@type":"BreadcrumbList","@id":"http:\/\/www.alytechnology.com\/#breadcrumb","itemListElement":[{"@type":"ListItem","position":1,"name":"Ak\u0131ll\u0131 Ev","item":"http:\/\/www.alytechnology.com\/"},{"@type":"ListItem","position":2,"name":"Anasayfa"}]},{"@type":"WebSite","@id":"http:\/\/www.alytechnology.com\/#website","url":"http:\/\/www.alytechnology.com\/","name":"ALY TECHNOLOGY","description":"Bina Otomasyon Sistemleri","publisher":{"@id":"http:\/\/www.alytechnology.com\/#organization"},"potentialAction":[{"@type":"SearchAction","target":{"@type":"EntryPoint","urlTemplate":"http:\/\/www.alytechnology.com\/?s={search_term_string}"},"query-input":"required name=search_term_string"}],"inLanguage":"tr"},{"@type":"Organization","@id":"http:\/\/www.alytechnology.com\/#organization","name":"ALY TECHNOLOGY","url":"http:\/\/www.alytechnology.com\/","logo":{"@type":"ImageObject","inLanguage":"tr","@id":"http:\/\/www.alytechnology.com\/#\/schema\/logo\/image\/","url":"http:\/\/www.alytechnology.com\/wp-content\/uploads\/2022\/04\/Untitled-1-01.png","contentUrl":"http:\/\/www.alytechnology.com\/wp-content\/uploads\/2022\/04\/Untitled-1-01.png","width":2218,"height":268,"caption":"ALY TECHNOLOGY"},"image":{"@id":"http:\/\/www.alytechnology.com\/#\/schema\/logo\/image\/"}}]}},"_links":{"self":[{"href":"http:\/\/www.alytechnology.com\/index.php?rest_route=\/wp\/v2\/pages\/32"}],"collection":[{"href":"http:\/\/www.alytechnology.com\/index.php?rest_route=\/wp\/v2\/pages"}],"about":[{"href":"http:\/\/www.alytechnology.com\/index.php?rest_route=\/wp\/v2\/types\/page"}],"author":[{"embeddable":true,"href":"http:\/\/www.alytechnology.com\/index.php?rest_route=\/wp\/v2\/users\/1"}],"replies":[{"embeddable":true,"href":"http:\/\/www.alytechnology.com\/index.php?rest_route=%2Fwp%2Fv2%2Fcomments&post=32"}],"version-history":[{"count":20,"href":"http:\/\/www.alytechnology.com\/index.php?rest_route=\/wp\/v2\/pages\/32\/revisions"}],"predecessor-version":[{"id":1288,"href":"http:\/\/www.alytechnology.com\/index.php?rest_route=\/wp\/v2\/pages\/32\/revisions\/1288"}],"wp:attachment":[{"href":"http:\/\/www.alytechnology.com\/index.php?rest_route=%2Fwp%2Fv2%2Fmedia&parent=32"}],"curies":[{"name":"wp","href":"https:\/\/api.w.org\/{rel}","templated":true}]}}